{"id":39,"date":"2019-09-09T14:25:48","date_gmt":"2019-09-09T18:25:48","guid":{"rendered":"http:\/\/www.customerexperiencecanada.com\/?page_id=39"},"modified":"2019-12-11T13:55:40","modified_gmt":"2019-12-11T18:55:40","slug":"terms-conditions","status":"publish","type":"page","link":"https:\/\/bigdatamontreal.ca\/fr\/terms-conditions\/","title":{"rendered":"POLITIQUE DES COOKIES"},"content":{"rendered":"<p>Ce site utilise des t\u00e9moins \u2013 de petits fichiers texte qui sont plac\u00e9s sur votre ordinateur pour aider le site \u00e0 offrir une meilleure exp\u00e9rience utilisateur. En g\u00e9n\u00e9ral, les cookies sont utilis\u00e9s pour conserver les pr\u00e9f\u00e9rences des utilisateurs, stocker des informations pour des choses comme les paniers d\u2019achat et fournir des donn\u00e9es de suivi anonymis\u00e9es \u00e0 des applications tierces comme Google Analytics. En r\u00e8gle g\u00e9n\u00e9rale, les cookies am\u00e9lioreront votre exp\u00e9rience de navigation. Cependant, vous pouvez pr\u00e9f\u00e9rer d\u00e9sactiver les cookies sur ce site et sur d\u2019autres. La fa\u00e7on la plus efficace de le faire est de d\u00e9sactiver les cookies dans votre navigateur. Nous vous sugg\u00e9rons de consulter la section Aide de votre navigateur ou de consulter le site Web \u00e0 propos des cookies qui offre des conseils pour tous les navigateurs modernes<\/p>\n<p>&nbsp;<\/p>\n<p>&nbsp;<\/p>","protected":false},"excerpt":{"rendered":"<p>This site uses cookies \u2013 small text files that are placed on your machine to help the site provide a better user experience. In general, cookies are used to retain user preferences, store information for things like shopping carts, and &hellip;&#8230;<\/p>","protected":false},"author":5,"featured_media":0,"parent":0,"menu_order":0,"comment_status":"closed","ping_status":"closed","template":"","meta":{"footnotes":""},"class_list":["post-39","page","type-page","status-publish","hentry"],"yoast_head":"<!-- This site is optimized with the Yoast SEO plugin v26.9 - https:\/\/yoast.com\/product\/yoast-seo-wordpress\/ -->\n<title>Cookie Policy | Big Data &amp; Analytics Montreal Summit<\/title>\n<meta name=\"robots\" content=\"index, follow, max-snippet:-1, max-image-preview:large, max-video-preview:-1\" \/>\n<link rel=\"canonical\" href=\"https:\/\/bigdatamontreal.ca\/fr\/terms-conditions\/\" \/>\n<meta property=\"og:locale\" content=\"fr_CA\" \/>\n<meta property=\"og:type\" content=\"article\" \/>\n<meta property=\"og:title\" content=\"Cookie Policy | Big Data &amp; Analytics Montreal Summit\" \/>\n<meta property=\"og:description\" content=\"This site uses cookies \u2013 small text files that are placed on your machine to help the site provide a better user experience. In general, cookies are used to retain user preferences, store information for things like shopping carts, and &hellip;...\" \/>\n<meta property=\"og:url\" content=\"https:\/\/bigdatamontreal.ca\/fr\/terms-conditions\/\" \/>\n<meta property=\"og:site_name\" content=\"Big Data &amp; Analytics Montreal Summit\" \/>\n<meta property=\"article:modified_time\" content=\"2019-12-11T18:55:40+00:00\" \/>\n<meta name=\"twitter:card\" content=\"summary_large_image\" \/>\n<meta name=\"twitter:label1\" content=\"Estimation du temps de lecture\" \/>\n\t<meta name=\"twitter:data1\" content=\"1 minute\" \/>\n<script type=\"application\/ld+json\" class=\"yoast-schema-graph\">{\"@context\":\"https:\/\/schema.org\",\"@graph\":[{\"@type\":\"WebPage\",\"@id\":\"https:\/\/bigdatamontreal.ca\/terms-conditions\/\",\"url\":\"https:\/\/bigdatamontreal.ca\/terms-conditions\/\",\"name\":\"Cookie Policy | Big Data &amp; Analytics Montreal Summit\",\"isPartOf\":{\"@id\":\"https:\/\/bigdatamontreal.ca\/#website\"},\"datePublished\":\"2019-09-09T18:25:48+00:00\",\"dateModified\":\"2019-12-11T18:55:40+00:00\",\"breadcrumb\":{\"@id\":\"https:\/\/bigdatamontreal.ca\/terms-conditions\/#breadcrumb\"},\"inLanguage\":\"fr-CA\",\"potentialAction\":[{\"@type\":\"ReadAction\",\"target\":[\"https:\/\/bigdatamontreal.ca\/terms-conditions\/\"]}]},{\"@type\":\"BreadcrumbList\",\"@id\":\"https:\/\/bigdatamontreal.ca\/terms-conditions\/#breadcrumb\",\"itemListElement\":[{\"@type\":\"ListItem\",\"position\":1,\"name\":\"Home\",\"item\":\"https:\/\/bigdatamontreal.ca\/\"},{\"@type\":\"ListItem\",\"position\":2,\"name\":\"Cookie Policy\"}]},{\"@type\":\"WebSite\",\"@id\":\"https:\/\/bigdatamontreal.ca\/#website\",\"url\":\"https:\/\/bigdatamontreal.ca\/\",\"name\":\"Big Data &amp; Analytics Montreal Summit\",\"description\":\"A Montreal Summit for Big Data &amp; Analytics\",\"potentialAction\":[{\"@type\":\"SearchAction\",\"target\":{\"@type\":\"EntryPoint\",\"urlTemplate\":\"https:\/\/bigdatamontreal.ca\/?s={search_term_string}\"},\"query-input\":{\"@type\":\"PropertyValueSpecification\",\"valueRequired\":true,\"valueName\":\"search_term_string\"}}],\"inLanguage\":\"fr-CA\"}]}<\/script>\n<!-- \/ Yoast SEO plugin. -->","yoast_head_json":{"title":"Cookie Policy | Big Data &amp; Analytics Montreal Summit","robots":{"index":"index","follow":"follow","max-snippet":"max-snippet:-1","max-image-preview":"max-image-preview:large","max-video-preview":"max-video-preview:-1"},"canonical":"https:\/\/bigdatamontreal.ca\/fr\/terms-conditions\/","og_locale":"fr_CA","og_type":"article","og_title":"Cookie Policy | Big Data &amp; Analytics Montreal Summit","og_description":"This site uses cookies \u2013 small text files that are placed on your machine to help the site provide a better user experience. In general, cookies are used to retain user preferences, store information for things like shopping carts, and &hellip;...","og_url":"https:\/\/bigdatamontreal.ca\/fr\/terms-conditions\/","og_site_name":"Big Data &amp; Analytics Montreal Summit","article_modified_time":"2019-12-11T18:55:40+00:00","twitter_card":"summary_large_image","twitter_misc":{"Estimation du temps de lecture":"1 minute"},"schema":{"@context":"https:\/\/schema.org","@graph":[{"@type":"WebPage","@id":"https:\/\/bigdatamontreal.ca\/terms-conditions\/","url":"https:\/\/bigdatamontreal.ca\/terms-conditions\/","name":"Cookie Policy | Big Data &amp; Analytics Montreal Summit","isPartOf":{"@id":"https:\/\/bigdatamontreal.ca\/#website"},"datePublished":"2019-09-09T18:25:48+00:00","dateModified":"2019-12-11T18:55:40+00:00","breadcrumb":{"@id":"https:\/\/bigdatamontreal.ca\/terms-conditions\/#breadcrumb"},"inLanguage":"fr-CA","potentialAction":[{"@type":"ReadAction","target":["https:\/\/bigdatamontreal.ca\/terms-conditions\/"]}]},{"@type":"BreadcrumbList","@id":"https:\/\/bigdatamontreal.ca\/terms-conditions\/#breadcrumb","itemListElement":[{"@type":"ListItem","position":1,"name":"Home","item":"https:\/\/bigdatamontreal.ca\/"},{"@type":"ListItem","position":2,"name":"Cookie Policy"}]},{"@type":"WebSite","@id":"https:\/\/bigdatamontreal.ca\/#website","url":"https:\/\/bigdatamontreal.ca\/","name":"Big Data &amp; Analytics Montreal Summit","description":"A Montreal Summit for Big Data &amp; Analytics","potentialAction":[{"@type":"SearchAction","target":{"@type":"EntryPoint","urlTemplate":"https:\/\/bigdatamontreal.ca\/?s={search_term_string}"},"query-input":{"@type":"PropertyValueSpecification","valueRequired":true,"valueName":"search_term_string"}}],"inLanguage":"fr-CA"}]}},"_links":{"self":[{"href":"https:\/\/bigdatamontreal.ca\/fr\/wp-json\/wp\/v2\/pages\/39","targetHints":{"allow":["GET"]}}],"collection":[{"href":"https:\/\/bigdatamontreal.ca\/fr\/wp-json\/wp\/v2\/pages"}],"about":[{"href":"https:\/\/bigdatamontreal.ca\/fr\/wp-json\/wp\/v2\/types\/page"}],"author":[{"embeddable":true,"href":"https:\/\/bigdatamontreal.ca\/fr\/wp-json\/wp\/v2\/users\/5"}],"replies":[{"embeddable":true,"href":"https:\/\/bigdatamontreal.ca\/fr\/wp-json\/wp\/v2\/comments?post=39"}],"version-history":[{"count":6,"href":"https:\/\/bigdatamontreal.ca\/fr\/wp-json\/wp\/v2\/pages\/39\/revisions"}],"predecessor-version":[{"id":2380,"href":"https:\/\/bigdatamontreal.ca\/fr\/wp-json\/wp\/v2\/pages\/39\/revisions\/2380"}],"wp:attachment":[{"href":"https:\/\/bigdatamontreal.ca\/fr\/wp-json\/wp\/v2\/media?parent=39"}],"curies":[{"name":"wp","href":"https:\/\/api.w.org\/{rel}","templated":true}]}}