{"id":3,"date":"2019-09-09T13:40:57","date_gmt":"2019-09-09T17:40:57","guid":{"rendered":"http:\/\/www.customerexperiencecanada.com\/?page_id=3"},"modified":"2024-06-13T17:19:01","modified_gmt":"2024-06-13T21:19:01","slug":"privacy-policy","status":"publish","type":"page","link":"https:\/\/bigdatamontreal.ca\/fr\/privacy-policy\/","title":{"rendered":"POLITIQUE DE CONFIDENTIALIT\u00c9"},"content":{"rendered":"<p>Nous recueillons des informations personnellement identifiables, telles que des noms, des adresses postales, des adresses courriel, etc., lorsque nos visiteurs les soumettent volontairement. Vos informations personnelles identifiables sont conserv\u00e9es en toute s\u00e9curit\u00e9. Seuls les employ\u00e9s autoris\u00e9s, les agents, les entrepreneurs, les commanditaires et les partenaires (qui ont accept\u00e9 de garder l\u2019information s\u00e9curis\u00e9e et confidentielle) ont acc\u00e8s \u00e0 cette information. Tous les courriels et infolettres de ce site vous permettent de vous d\u00e9sabonner des courriels futurs.<\/p>\r\n<p class=\"translation-block\">Lorsque vous naviguez sur le site Web de la Conf\u00e9rence sur l\u2019Exp\u00e9rience Client de Strategy Institute, des cookies publicitaires seront plac\u00e9s sur votre ordinateur afin que nous puissions comprendre ce qui vous int\u00e9resse. Notre partenaire publicitaire, AdRoll, nous permet ensuite de vous pr\u00e9senter des publicit\u00e9s sur d\u2019autres sites en fonction de votre interaction pr\u00e9c\u00e9dente avec le site Web de la Conf\u00e9rence sur l\u2019Exp\u00e9rience Client de Strategy Institute. Les techniques utilis\u00e9es par nos partenaires ne recueillent pas d\u2019informations personnelles telles que votre nom, votre adresse courriel, votre adresse postale ou votre num\u00e9ro de t\u00e9l\u00e9phone. Vous pouvez visiter cette page pour vous d\u00e9sabonner de la publicit\u00e9 cibl\u00e9e d\u2019AdRoll et de ses partenaires.<\/p>\r\n<p>Vous participez \u00e0 un programme au cours duquel le Strategy Institute produira des photographies et\/ou des enregistrements vid\u00e9o et\/ou audio. Ces photographies et\/ou enregistrements vid\u00e9o et\/ou audio sont \u00e0 l\u2019usage du Strategy Institute dans le cadre de ses activit\u00e9s, de ses \u00e9v\u00e9nements et de son mat\u00e9riel promotionnel, en format papier et \u00e9lectronique, y compris sur Internet via le site Web du Strategy Institute ou d\u2019autres sites Web de m\u00e9dias sociaux.<\/p>\r\n<p class=\"translation-block\">Si vous avez des questions sur notre politique de confidentialit\u00e9, vous pouvez nous <a href=\"mailto:customercare@strategyinstitute.com\" target=\"_self\">envoyer un courriel<\/a>\u00a0ou <a href=\"https:\/\/bigdatamontreal.ca\/fr\/contact-us\/\" target=\"_self\">soumettre une demande de contact.<\/a>soumettre une demande de contact.<\/p>\r\n<p>&nbsp;<\/p>\r\n<p>&nbsp;<\/p>\r\n<p>&nbsp;<\/p>\r\n<p>&nbsp;<\/p>","protected":false},"excerpt":{"rendered":"<p>We collect personally identifiable information, like names, postal addresses, email addresses, etc., when voluntarily submitted by our visitors. Your personally identifiable information is kept secure. Only authorized employees, agents, contractors, sponsors, and partners (who have agreed to keep information secure &hellip;&#8230;<\/p>","protected":false},"author":5,"featured_media":0,"parent":0,"menu_order":0,"comment_status":"closed","ping_status":"open","template":"","meta":{"footnotes":""},"class_list":["post-3","page","type-page","status-publish","hentry"],"yoast_head":"<!-- This site is optimized with the Yoast SEO plugin v26.9 - https:\/\/yoast.com\/product\/yoast-seo-wordpress\/ -->\n<title>Privacy Policy | Big Data &amp; Analytics Montreal Summit<\/title>\n<meta name=\"robots\" content=\"index, follow, max-snippet:-1, max-image-preview:large, max-video-preview:-1\" \/>\n<link rel=\"canonical\" href=\"https:\/\/bigdatamontreal.ca\/fr\/privacy-policy\/\" \/>\n<meta property=\"og:locale\" content=\"fr_CA\" \/>\n<meta property=\"og:type\" content=\"article\" \/>\n<meta property=\"og:title\" content=\"Privacy Policy | Big Data &amp; Analytics Montreal Summit\" \/>\n<meta property=\"og:description\" content=\"We collect personally identifiable information, like names, postal addresses, email addresses, etc., when voluntarily submitted by our visitors. Your personally identifiable information is kept secure. Only authorized employees, agents, contractors, sponsors, and partners (who have agreed to keep information secure &hellip;...\" \/>\n<meta property=\"og:url\" content=\"https:\/\/bigdatamontreal.ca\/fr\/privacy-policy\/\" \/>\n<meta property=\"og:site_name\" content=\"Big Data &amp; Analytics Montreal Summit\" \/>\n<meta property=\"article:modified_time\" content=\"2024-06-13T21:19:01+00:00\" \/>\n<meta name=\"twitter:card\" content=\"summary_large_image\" \/>\n<meta name=\"twitter:label1\" content=\"Estimation du temps de lecture\" \/>\n\t<meta name=\"twitter:data1\" content=\"2 minutes\" \/>\n<script type=\"application\/ld+json\" class=\"yoast-schema-graph\">{\"@context\":\"https:\/\/schema.org\",\"@graph\":[{\"@type\":\"WebPage\",\"@id\":\"https:\/\/bigdatamontreal.ca\/privacy-policy\/\",\"url\":\"https:\/\/bigdatamontreal.ca\/privacy-policy\/\",\"name\":\"Privacy Policy | Big Data &amp; Analytics Montreal Summit\",\"isPartOf\":{\"@id\":\"https:\/\/bigdatamontreal.ca\/#website\"},\"datePublished\":\"2019-09-09T17:40:57+00:00\",\"dateModified\":\"2024-06-13T21:19:01+00:00\",\"breadcrumb\":{\"@id\":\"https:\/\/bigdatamontreal.ca\/privacy-policy\/#breadcrumb\"},\"inLanguage\":\"fr-CA\",\"potentialAction\":[{\"@type\":\"ReadAction\",\"target\":[\"https:\/\/bigdatamontreal.ca\/privacy-policy\/\"]}]},{\"@type\":\"BreadcrumbList\",\"@id\":\"https:\/\/bigdatamontreal.ca\/privacy-policy\/#breadcrumb\",\"itemListElement\":[{\"@type\":\"ListItem\",\"position\":1,\"name\":\"Home\",\"item\":\"https:\/\/bigdatamontreal.ca\/\"},{\"@type\":\"ListItem\",\"position\":2,\"name\":\"Privacy Policy\"}]},{\"@type\":\"WebSite\",\"@id\":\"https:\/\/bigdatamontreal.ca\/#website\",\"url\":\"https:\/\/bigdatamontreal.ca\/\",\"name\":\"Big Data &amp; Analytics Montreal Summit\",\"description\":\"A Montreal Summit for Big Data &amp; Analytics\",\"potentialAction\":[{\"@type\":\"SearchAction\",\"target\":{\"@type\":\"EntryPoint\",\"urlTemplate\":\"https:\/\/bigdatamontreal.ca\/?s={search_term_string}\"},\"query-input\":{\"@type\":\"PropertyValueSpecification\",\"valueRequired\":true,\"valueName\":\"search_term_string\"}}],\"inLanguage\":\"fr-CA\"}]}<\/script>\n<!-- \/ Yoast SEO plugin. -->","yoast_head_json":{"title":"Privacy Policy | Big Data &amp; Analytics Montreal Summit","robots":{"index":"index","follow":"follow","max-snippet":"max-snippet:-1","max-image-preview":"max-image-preview:large","max-video-preview":"max-video-preview:-1"},"canonical":"https:\/\/bigdatamontreal.ca\/fr\/privacy-policy\/","og_locale":"fr_CA","og_type":"article","og_title":"Privacy Policy | Big Data &amp; Analytics Montreal Summit","og_description":"We collect personally identifiable information, like names, postal addresses, email addresses, etc., when voluntarily submitted by our visitors. Your personally identifiable information is kept secure. Only authorized employees, agents, contractors, sponsors, and partners (who have agreed to keep information secure &hellip;...","og_url":"https:\/\/bigdatamontreal.ca\/fr\/privacy-policy\/","og_site_name":"Big Data &amp; Analytics Montreal Summit","article_modified_time":"2024-06-13T21:19:01+00:00","twitter_card":"summary_large_image","twitter_misc":{"Estimation du temps de lecture":"2 minutes"},"schema":{"@context":"https:\/\/schema.org","@graph":[{"@type":"WebPage","@id":"https:\/\/bigdatamontreal.ca\/privacy-policy\/","url":"https:\/\/bigdatamontreal.ca\/privacy-policy\/","name":"Privacy Policy | Big Data &amp; Analytics Montreal Summit","isPartOf":{"@id":"https:\/\/bigdatamontreal.ca\/#website"},"datePublished":"2019-09-09T17:40:57+00:00","dateModified":"2024-06-13T21:19:01+00:00","breadcrumb":{"@id":"https:\/\/bigdatamontreal.ca\/privacy-policy\/#breadcrumb"},"inLanguage":"fr-CA","potentialAction":[{"@type":"ReadAction","target":["https:\/\/bigdatamontreal.ca\/privacy-policy\/"]}]},{"@type":"BreadcrumbList","@id":"https:\/\/bigdatamontreal.ca\/privacy-policy\/#breadcrumb","itemListElement":[{"@type":"ListItem","position":1,"name":"Home","item":"https:\/\/bigdatamontreal.ca\/"},{"@type":"ListItem","position":2,"name":"Privacy Policy"}]},{"@type":"WebSite","@id":"https:\/\/bigdatamontreal.ca\/#website","url":"https:\/\/bigdatamontreal.ca\/","name":"Big Data &amp; Analytics Montreal Summit","description":"A Montreal Summit for Big Data &amp; Analytics","potentialAction":[{"@type":"SearchAction","target":{"@type":"EntryPoint","urlTemplate":"https:\/\/bigdatamontreal.ca\/?s={search_term_string}"},"query-input":{"@type":"PropertyValueSpecification","valueRequired":true,"valueName":"search_term_string"}}],"inLanguage":"fr-CA"}]}},"_links":{"self":[{"href":"https:\/\/bigdatamontreal.ca\/fr\/wp-json\/wp\/v2\/pages\/3","targetHints":{"allow":["GET"]}}],"collection":[{"href":"https:\/\/bigdatamontreal.ca\/fr\/wp-json\/wp\/v2\/pages"}],"about":[{"href":"https:\/\/bigdatamontreal.ca\/fr\/wp-json\/wp\/v2\/types\/page"}],"author":[{"embeddable":true,"href":"https:\/\/bigdatamontreal.ca\/fr\/wp-json\/wp\/v2\/users\/5"}],"replies":[{"embeddable":true,"href":"https:\/\/bigdatamontreal.ca\/fr\/wp-json\/wp\/v2\/comments?post=3"}],"version-history":[{"count":8,"href":"https:\/\/bigdatamontreal.ca\/fr\/wp-json\/wp\/v2\/pages\/3\/revisions"}],"predecessor-version":[{"id":4365,"href":"https:\/\/bigdatamontreal.ca\/fr\/wp-json\/wp\/v2\/pages\/3\/revisions\/4365"}],"wp:attachment":[{"href":"https:\/\/bigdatamontreal.ca\/fr\/wp-json\/wp\/v2\/media?parent=3"}],"curies":[{"name":"wp","href":"https:\/\/api.w.org\/{rel}","templated":true}]}}